{"id":107,"date":"2020-06-24T15:38:45","date_gmt":"2020-06-24T13:38:45","guid":{"rendered":"http:\/\/decorityblog.efirany.webd.pro\/?page_id=107"},"modified":"2020-07-01T13:14:11","modified_gmt":"2020-07-01T11:14:11","slug":"o-blogu","status":"publish","type":"page","link":"https:\/\/decority.pl\/blog\/o-blogu\/","title":{"rendered":"O Blogu"},"content":{"rendered":"<h1>Cze\u015b\u0107! Witaj na naszym blogu!<\/h1>\n<p><img loading=\"lazy\" decoding=\"async\" class=\"size-full wp-image-108 alignleft\" src=\"http:\/\/decorityblog.efirany.webd.pro\/wp-content\/uploads\/2020\/06\/logo-3-OK-1.png\" alt=\"Blog Decority\" width=\"313\" height=\"86\" srcset=\"https:\/\/decority.pl\/blog\/wp-content\/uploads\/2020\/06\/logo-3-OK-1-200x55.png 200w, https:\/\/decority.pl\/blog\/wp-content\/uploads\/2020\/06\/logo-3-OK-1-300x82.png 300w, https:\/\/decority.pl\/blog\/wp-content\/uploads\/2020\/06\/logo-3-OK-1.png 313w\" sizes=\"auto, (max-width: 313px) 100vw, 313px\" \/><\/p>\n<p>&nbsp;<\/p>\n<p>&nbsp;<\/p>\n<p>&nbsp;<\/p>\n<p>Cieszymy si\u0119 bardzo, \u017ce tutaj trafi\u0142e\u015b. Pozw\u00f3l, \u017ce w kilku zadaniach przedstawimy si\u0119 i opowiemy co mo\u017cesz tutaj znale\u017a\u0107.<\/p>\n<h2>O czym przeczytasz na blogu?<\/h2>\n<p>Kochamy pi\u0119kne wn\u0119trza i oryginalne pomys\u0142y. Dzielimy si\u0119 nimi na naszym blogu. Znajdziesz tutaj ciekawe pomys\u0142y na aran\u017cacje salonu, sypialni czy kuchni, pomys\u0142y na oryginalne dekoracje i kreatywne projekty DIY. Usi\u0105d\u017a, odpr\u0119\u017c si\u0119, poczytaj. Wsta\u0144 i dzia\u0142aj.<\/p>\n<h2>Kim jeste\u015bmy?<\/h2>\n<p>Prowadzimy sprzeda\u017c tekstyli\u00f3w i element\u00f3w dekoracji wn\u0119trz.<\/p>\n<p><strong>Najlepsza jako\u015b\u0107 w przyst\u0119pnej cenie<\/strong>\u00a0\u2013 takie has\u0142o przy\u015bwieca nam w komponowaniu oferty produkt\u00f3w do wyposa\u017cenia wn\u0119trz. Staramy si\u0119, by by\u0142a ona maksymalnie zr\u00f3\u017cnicowana i trafia\u0142a w gusta r\u00f3\u017cnych grup odbiorc\u00f3w.<\/p>\n<p>Nasz\u0105 przygod\u0119 z obs\u0142ug\u0105 klienta rozpocz\u0119li\u015bmy na Allegro. Tam uda\u0142o nam si\u0119 wypracowa\u0107 wysok\u0105 renom\u0119, potwierdzon\u0105\u00a0<strong>tysi\u0105cami zrealizowanych transakcji oraz pozytywnymi komentarzam<\/strong>i.<\/p>\n<p>Oferujemy\u00a0<strong>wy\u0142\u0105cznie sprawdzone jako\u015bciowo produkty<\/strong>, kt\u00f3re w efektowny, modny i praktyczny spos\u00f3b uzupe\u0142ni\u0105 wn\u0119trza Twojego domu czy mieszkania. Jeste\u015b zwolennikiem stylu minimalistycznego, boho b\u0105d\u017a glamour a mo\u017ce cenisz sobie klasyczne zdobienia? Po\u015br\u00f3d ofert zas\u0142on, poszewek, koc\u00f3w czy narzut, dost\u0119pnych na stronach naszego sklepu, z \u0142atwo\u015bci\u0105 znajdziesz idealne produkty dla siebie.<\/p>\n<p>Z du\u017c\u0105 uwag\u0105 podochodzimy od\u00a0<strong>starannej obs\u0142ugi klienta<\/strong>, stosuj\u0105c si\u0119 do najwy\u017cszych standard\u00f3w. Dzi\u0119ki doskona\u0142ej znajomo\u015bci tekstyli\u00f3w domowych, jeste\u015bmy w stanie profesjonalnie doradzi\u0107, jaki typ produktu najlepiej sprawdzi si\u0119 w danym pomieszczeniu czy przy konkretnym stylu aran\u017cacyjnym.<\/p>\n","protected":false},"excerpt":{"rendered":"<p>Cze\u015b\u0107! Witaj na naszym blogu! &nbsp; &nbsp; &nbsp; Cieszymy si\u0119 bardzo, \u017ce tutaj trafi\u0142e\u015b. Pozw\u00f3l, \u017ce w kilku zadaniach przedstawimy si\u0119 i opowiemy co mo\u017cesz tutaj znale\u017a\u0107. O czym przeczytasz na blogu? Kochamy pi\u0119kne wn\u0119trza i oryginalne pomys\u0142y. Dzielimy si\u0119 nimi na naszym blogu. Znajdziesz tutaj ciekawe pomys\u0142y na aran\u017cacje [&hellip;]<\/p>\n","protected":false},"author":6,"featured_media":0,"parent":0,"menu_order":0,"comment_status":"closed","ping_status":"closed","template":"","meta":{"inline_featured_image":false,"footnotes":""},"class_list":["post-107","page","type-page","status-publish","hentry"],"yoast_head":"<!-- This site is optimized with the Yoast SEO plugin v27.5 - https:\/\/yoast.com\/product\/yoast-seo-wordpress\/ -->\n<title>O Blogu - Poradniki i Inspiracje - Blog - Decority.pl<\/title>\n<meta name=\"robots\" content=\"index, follow, max-snippet:-1, max-image-preview:large, max-video-preview:-1\" \/>\n<link rel=\"canonical\" href=\"https:\/\/decority.pl\/blog\/o-blogu\/\" \/>\n<meta property=\"og:locale\" content=\"pl_PL\" \/>\n<meta property=\"og:type\" content=\"article\" \/>\n<meta property=\"og:title\" content=\"O Blogu - Poradniki i Inspiracje - Blog - Decority.pl\" \/>\n<meta property=\"og:description\" content=\"Cze\u015b\u0107! Witaj na naszym blogu! &nbsp; &nbsp; &nbsp; Cieszymy si\u0119 bardzo, \u017ce tutaj trafi\u0142e\u015b. Pozw\u00f3l, \u017ce w kilku zadaniach przedstawimy si\u0119 i opowiemy co mo\u017cesz tutaj znale\u017a\u0107. O czym przeczytasz na blogu? Kochamy pi\u0119kne wn\u0119trza i oryginalne pomys\u0142y. Dzielimy si\u0119 nimi na naszym blogu. Znajdziesz tutaj ciekawe pomys\u0142y na aran\u017cacje [&hellip;]\" \/>\n<meta property=\"og:url\" content=\"https:\/\/decority.pl\/blog\/o-blogu\/\" \/>\n<meta property=\"og:site_name\" content=\"Poradniki i Inspiracje - Blog - Decority.pl\" \/>\n<meta property=\"article:modified_time\" content=\"2020-07-01T11:14:11+00:00\" \/>\n<meta property=\"og:image\" content=\"http:\/\/decorityblog.efirany.webd.pro\/wp-content\/uploads\/2020\/06\/logo-3-OK-1.png\" \/>\n<meta name=\"twitter:card\" content=\"summary_large_image\" \/>\n<meta name=\"twitter:label1\" content=\"Szacowany czas czytania\" \/>\n\t<meta name=\"twitter:data1\" content=\"1 minuta\" \/>\n<script type=\"application\/ld+json\" class=\"yoast-schema-graph\">{\"@context\":\"https:\\\/\\\/schema.org\",\"@graph\":[{\"@type\":\"WebPage\",\"@id\":\"https:\\\/\\\/decority.pl\\\/blog\\\/o-blogu\\\/\",\"url\":\"https:\\\/\\\/decority.pl\\\/blog\\\/o-blogu\\\/\",\"name\":\"O Blogu - Poradniki i Inspiracje - Blog - Decority.pl\",\"isPartOf\":{\"@id\":\"https:\\\/\\\/decority.pl\\\/blog\\\/#website\"},\"primaryImageOfPage\":{\"@id\":\"https:\\\/\\\/decority.pl\\\/blog\\\/o-blogu\\\/#primaryimage\"},\"image\":{\"@id\":\"https:\\\/\\\/decority.pl\\\/blog\\\/o-blogu\\\/#primaryimage\"},\"thumbnailUrl\":\"http:\\\/\\\/decorityblog.efirany.webd.pro\\\/wp-content\\\/uploads\\\/2020\\\/06\\\/logo-3-OK-1.png\",\"datePublished\":\"2020-06-24T13:38:45+00:00\",\"dateModified\":\"2020-07-01T11:14:11+00:00\",\"breadcrumb\":{\"@id\":\"https:\\\/\\\/decority.pl\\\/blog\\\/o-blogu\\\/#breadcrumb\"},\"inLanguage\":\"pl-PL\",\"potentialAction\":[{\"@type\":\"ReadAction\",\"target\":[\"https:\\\/\\\/decority.pl\\\/blog\\\/o-blogu\\\/\"]}]},{\"@type\":\"ImageObject\",\"inLanguage\":\"pl-PL\",\"@id\":\"https:\\\/\\\/decority.pl\\\/blog\\\/o-blogu\\\/#primaryimage\",\"url\":\"http:\\\/\\\/decorityblog.efirany.webd.pro\\\/wp-content\\\/uploads\\\/2020\\\/06\\\/logo-3-OK-1.png\",\"contentUrl\":\"http:\\\/\\\/decorityblog.efirany.webd.pro\\\/wp-content\\\/uploads\\\/2020\\\/06\\\/logo-3-OK-1.png\"},{\"@type\":\"BreadcrumbList\",\"@id\":\"https:\\\/\\\/decority.pl\\\/blog\\\/o-blogu\\\/#breadcrumb\",\"itemListElement\":[{\"@type\":\"ListItem\",\"position\":1,\"name\":\"Strona g\u0142\u00f3wna\",\"item\":\"https:\\\/\\\/decority.pl\\\/blog\\\/\"},{\"@type\":\"ListItem\",\"position\":2,\"name\":\"O Blogu\"}]},{\"@type\":\"WebSite\",\"@id\":\"https:\\\/\\\/decority.pl\\\/blog\\\/#website\",\"url\":\"https:\\\/\\\/decority.pl\\\/blog\\\/\",\"name\":\"Poradniki i Inspiracje - Blog - Decority.pl\",\"description\":\"Tw\u00f3j blog o wn\u0119trzach, wystroju i aran\u017cacjach\",\"publisher\":{\"@id\":\"https:\\\/\\\/decority.pl\\\/blog\\\/#organization\"},\"potentialAction\":[{\"@type\":\"SearchAction\",\"target\":{\"@type\":\"EntryPoint\",\"urlTemplate\":\"https:\\\/\\\/decority.pl\\\/blog\\\/?s={search_term_string}\"},\"query-input\":{\"@type\":\"PropertyValueSpecification\",\"valueRequired\":true,\"valueName\":\"search_term_string\"}}],\"inLanguage\":\"pl-PL\"},{\"@type\":\"Organization\",\"@id\":\"https:\\\/\\\/decority.pl\\\/blog\\\/#organization\",\"name\":\"Decority\",\"url\":\"https:\\\/\\\/decority.pl\\\/blog\\\/\",\"logo\":{\"@type\":\"ImageObject\",\"inLanguage\":\"pl-PL\",\"@id\":\"https:\\\/\\\/decority.pl\\\/blog\\\/#\\\/schema\\\/logo\\\/image\\\/\",\"url\":\"https:\\\/\\\/decority.pl\\\/blog\\\/wp-content\\\/uploads\\\/2020\\\/06\\\/Dc-na-logo-do-bloga.png\",\"contentUrl\":\"https:\\\/\\\/decority.pl\\\/blog\\\/wp-content\\\/uploads\\\/2020\\\/06\\\/Dc-na-logo-do-bloga.png\",\"width\":228,\"height\":57,\"caption\":\"Decority\"},\"image\":{\"@id\":\"https:\\\/\\\/decority.pl\\\/blog\\\/#\\\/schema\\\/logo\\\/image\\\/\"}}]}<\/script>\n<!-- \/ Yoast SEO plugin. -->","yoast_head_json":{"title":"O Blogu - Poradniki i Inspiracje - Blog - Decority.pl","robots":{"index":"index","follow":"follow","max-snippet":"max-snippet:-1","max-image-preview":"max-image-preview:large","max-video-preview":"max-video-preview:-1"},"canonical":"https:\/\/decority.pl\/blog\/o-blogu\/","og_locale":"pl_PL","og_type":"article","og_title":"O Blogu - Poradniki i Inspiracje - Blog - Decority.pl","og_description":"Cze\u015b\u0107! Witaj na naszym blogu! &nbsp; &nbsp; &nbsp; Cieszymy si\u0119 bardzo, \u017ce tutaj trafi\u0142e\u015b. Pozw\u00f3l, \u017ce w kilku zadaniach przedstawimy si\u0119 i opowiemy co mo\u017cesz tutaj znale\u017a\u0107. O czym przeczytasz na blogu? Kochamy pi\u0119kne wn\u0119trza i oryginalne pomys\u0142y. Dzielimy si\u0119 nimi na naszym blogu. Znajdziesz tutaj ciekawe pomys\u0142y na aran\u017cacje [&hellip;]","og_url":"https:\/\/decority.pl\/blog\/o-blogu\/","og_site_name":"Poradniki i Inspiracje - Blog - Decority.pl","article_modified_time":"2020-07-01T11:14:11+00:00","og_image":[{"url":"http:\/\/decorityblog.efirany.webd.pro\/wp-content\/uploads\/2020\/06\/logo-3-OK-1.png","type":"","width":"","height":""}],"twitter_card":"summary_large_image","twitter_misc":{"Szacowany czas czytania":"1 minuta"},"schema":{"@context":"https:\/\/schema.org","@graph":[{"@type":"WebPage","@id":"https:\/\/decority.pl\/blog\/o-blogu\/","url":"https:\/\/decority.pl\/blog\/o-blogu\/","name":"O Blogu - Poradniki i Inspiracje - Blog - Decority.pl","isPartOf":{"@id":"https:\/\/decority.pl\/blog\/#website"},"primaryImageOfPage":{"@id":"https:\/\/decority.pl\/blog\/o-blogu\/#primaryimage"},"image":{"@id":"https:\/\/decority.pl\/blog\/o-blogu\/#primaryimage"},"thumbnailUrl":"http:\/\/decorityblog.efirany.webd.pro\/wp-content\/uploads\/2020\/06\/logo-3-OK-1.png","datePublished":"2020-06-24T13:38:45+00:00","dateModified":"2020-07-01T11:14:11+00:00","breadcrumb":{"@id":"https:\/\/decority.pl\/blog\/o-blogu\/#breadcrumb"},"inLanguage":"pl-PL","potentialAction":[{"@type":"ReadAction","target":["https:\/\/decority.pl\/blog\/o-blogu\/"]}]},{"@type":"ImageObject","inLanguage":"pl-PL","@id":"https:\/\/decority.pl\/blog\/o-blogu\/#primaryimage","url":"http:\/\/decorityblog.efirany.webd.pro\/wp-content\/uploads\/2020\/06\/logo-3-OK-1.png","contentUrl":"http:\/\/decorityblog.efirany.webd.pro\/wp-content\/uploads\/2020\/06\/logo-3-OK-1.png"},{"@type":"BreadcrumbList","@id":"https:\/\/decority.pl\/blog\/o-blogu\/#breadcrumb","itemListElement":[{"@type":"ListItem","position":1,"name":"Strona g\u0142\u00f3wna","item":"https:\/\/decority.pl\/blog\/"},{"@type":"ListItem","position":2,"name":"O Blogu"}]},{"@type":"WebSite","@id":"https:\/\/decority.pl\/blog\/#website","url":"https:\/\/decority.pl\/blog\/","name":"Poradniki i Inspiracje - Blog - Decority.pl","description":"Tw\u00f3j blog o wn\u0119trzach, wystroju i aran\u017cacjach","publisher":{"@id":"https:\/\/decority.pl\/blog\/#organization"},"potentialAction":[{"@type":"SearchAction","target":{"@type":"EntryPoint","urlTemplate":"https:\/\/decority.pl\/blog\/?s={search_term_string}"},"query-input":{"@type":"PropertyValueSpecification","valueRequired":true,"valueName":"search_term_string"}}],"inLanguage":"pl-PL"},{"@type":"Organization","@id":"https:\/\/decority.pl\/blog\/#organization","name":"Decority","url":"https:\/\/decority.pl\/blog\/","logo":{"@type":"ImageObject","inLanguage":"pl-PL","@id":"https:\/\/decority.pl\/blog\/#\/schema\/logo\/image\/","url":"https:\/\/decority.pl\/blog\/wp-content\/uploads\/2020\/06\/Dc-na-logo-do-bloga.png","contentUrl":"https:\/\/decority.pl\/blog\/wp-content\/uploads\/2020\/06\/Dc-na-logo-do-bloga.png","width":228,"height":57,"caption":"Decority"},"image":{"@id":"https:\/\/decority.pl\/blog\/#\/schema\/logo\/image\/"}}]}},"_links":{"self":[{"href":"https:\/\/decority.pl\/blog\/wp-json\/wp\/v2\/pages\/107","targetHints":{"allow":["GET"]}}],"collection":[{"href":"https:\/\/decority.pl\/blog\/wp-json\/wp\/v2\/pages"}],"about":[{"href":"https:\/\/decority.pl\/blog\/wp-json\/wp\/v2\/types\/page"}],"author":[{"embeddable":true,"href":"https:\/\/decority.pl\/blog\/wp-json\/wp\/v2\/users\/6"}],"replies":[{"embeddable":true,"href":"https:\/\/decority.pl\/blog\/wp-json\/wp\/v2\/comments?post=107"}],"version-history":[{"count":4,"href":"https:\/\/decority.pl\/blog\/wp-json\/wp\/v2\/pages\/107\/revisions"}],"predecessor-version":[{"id":205,"href":"https:\/\/decority.pl\/blog\/wp-json\/wp\/v2\/pages\/107\/revisions\/205"}],"wp:attachment":[{"href":"https:\/\/decority.pl\/blog\/wp-json\/wp\/v2\/media?parent=107"}],"curies":[{"name":"wp","href":"https:\/\/api.w.org\/{rel}","templated":true}]}}